{"id":3401,"date":"2017-05-26T19:09:53","date_gmt":"2017-05-26T17:09:53","guid":{"rendered":"https:\/\/www.kalok.labo-o-kult.com\/?page_id=3401"},"modified":"2023-05-17T17:24:03","modified_gmt":"2023-05-17T15:24:03","slug":"agb-allgemeine-geschaeftsbedinungen-widerrufsbelehrung","status":"publish","type":"page","link":"https:\/\/kalok.ch\/de\/agb-allgemeine-geschaeftsbedinungen-widerrufsbelehrung\/","title":{"rendered":"AGB &#8211; Allgemeine Gesch\u00e4ftsbedinungen &#038; Widerrufsbelehrung"},"content":{"rendered":"<h1><b>Impressum und Kontakt<\/b><\/h1>\n<p><strong>Ka L-O-K<\/strong><br \/>\n<strong> c\/o Labo-O-Kult GmbH<\/strong><\/p>\n<p>Kontrollstrassse 24<br \/>\n2503 Biel\/Bienne<br \/>\nSchweiz<\/p>\n<p>Telefon: +41 (0)32 322 27 47<\/p>\n<p>E-Mail: <a href=\"mailto:ka@labo-o-kult.com\">ka@labo-o-kult.com<br \/>\n<\/a>Web: <a href=\"http:\/\/kalok.labo-o-kult.com\">kalok.ch<\/a><\/p>\n<p>Verantwortlich: Katharina Aemmer Bechtel (Ka L-O-K)<\/p>\n<p>Unsere unten aufgef\u00fchrten Allgemeinen Gesch\u00e4ftsbedingungen, gelten f\u00fcr unsere gesamte Website (<a href=\"http:\/\/kalok.labo-o-kult.com\">kalok.labo-o-kult.com<\/a>) inklusive unserem Online-Shop und allen Unterordnern.<br \/>\nBeachten Sie insbesondere die Paragraphen Urheberrechte und Haftungshinweise \/-beschr\u00e4nkung.<\/p>\n<h1><b>Allgemeine Gesch\u00e4ftsbedingungen (AGB)<\/b><\/h1>\n<h3><b>Preise<\/b><\/h3>\n<p><b>Alle angegebenen Preise sind Endpreise in Schweizer Franken (CHF)<\/b>,<br \/>\nohne Liefer-\/Verpackungs- und Versandkosten und sind ohne Angaben der Steuerbetr\u00e4ge.<br \/>\nLabo-O-Kult ist mehrwertsteuerbefreit nach Schweizerischem nMWST-Gesetz.<br \/>\nAlle Preise sind freibleibend, unverbindlich und k\u00f6nnen jederzeit angepasst werden.<\/p>\n<h3><b>Verpackung und Versand<\/b><\/h3>\n<p><b>Die Zustellkosten werden gem\u00e4ss den Tarifen der Schweizerischen Post erhoben.<\/b><br \/>\nDie Flatrate, die f\u00fcr den Versand im Warenkorb angegeben wird, richtet sich nach Gewicht, Volumen, Abmessungen und Verpackungsmaterial der einzelnen Produkte und nach der Tarifikation der Schweizerischen Post.<br \/>\n<b>Wir \u00fcbernehmen keinerlei Haftung f\u00fcr Sch\u00e4den oder Verlust, welche w\u00e4hrend der Postreise vom Verk\u00e4ufer zum K\u00e4ufer entstehen.<\/b><br \/>\nDie Bestellungen werden so sicher wie m\u00f6glich f\u00fcr den Versand verpackt.<\/p>\n<h3><b>Lieferbedingungen<\/b><b>\u00a0<\/b><\/h3>\n<p><b>Wichtig: Der Versand erfolgt erst nach Erhalt des gesamten Kaufbetrages inklusive der Versandkosten.<\/b><\/p>\n<p>Die Lieferung erfolgt durch die Schweizerische Post und deren Partner im Ausland.<\/p>\n<p>Der Versand erfolgt per PostPac Economy.<br \/>\n<b>Die Lieferzeit betr\u00e4gt mindestens eine Woche (exklusive des Versands), da die Produkte zum Teil noch fertiggestellt werden m\u00fcssen.<br \/>\n<\/b>Lieferzeiten sind stets unverbindlich.<\/p>\n<p>Es werden keine Teillieferung gemacht, generell gilt bei der Bestellung von mehreren Artikeln immer die Lieferzeit des Artikels mit der l\u00e4ngsten Lieferzeit.<br \/>\nSetzen Sie sich mit uns in Verbindung, wenn es eilt.<br \/>\nKontakt: <a href=\"mailto:ka@labo-o-kult.com\">ka@labo-o-kult.com<\/a> \/ +41 (0)32 322 27 47<\/p>\n<p>Labo-O-Kult GmbH ist nicht verpflichtet, s\u00e4mtliche Produkte an Lager zu haben.<br \/>\nWir behalten uns vor, die Versandkonditionen jederzeit anzupassen.<\/p>\n<h3><b>\u00c4nderungen und Annullierung von Bestellungen<\/b><\/h3>\n<p>Nachtr\u00e4gliche \u00c4nderungen von bereits best\u00e4tigten Bestellungen sind nicht oder nur eingeschr\u00e4nkt, unter Kostenfolge, m\u00f6glich.<br \/>\nBei Fragen\/Problemen kontaktieren Sie uns bitte per Telefon +41 (0)32 322 27 47 oder per Mail info@labo-o-kult.com<\/p>\n<h3><b>Zahlungsbedingungen<\/b><\/h3>\n<p>Sie k\u00f6nnen derzeit im Web-Shop mit <b><i>Vorkasse<\/i><\/b> bezahlen.<br \/>\nSie erhalten so die f\u00fcr Ihre \u00dcberweisung erforderlichen Kontoverbindungsdaten am Ende der Bestellung und k\u00f6nnen\u00a0 bei dieser Zahlungsart den Gesamtbetrag auf die angegebene Bankverbindung per e-banking \u00fcberweisen.<br \/>\nWenn Sie es vorziehen, Ihre Bestellung mit einen <i>Einzahlungsschein<\/i> an einem Postschalter zu bezahlen, klicken Sie bei Zahlungsarten bitte auf Vorkasse und fordern Sie \u00fcber unsere e-Mail-Adresse <a href=\"mailto:ka@labo-o-kult.com\">ka@labo-o-kult.com<\/a>\u00a0 einen Einzahlungsschein an.<br \/>\nBeachten Sie jedoch, dass die anfallenden Spesen zu Ihren Lasten gehen.<\/p>\n<p>Zudem ist es m\u00f6glich mit <b><i>Paypal<\/i><\/b> zu zahlen, sollten Sie kein paypal Konto haben, k\u00f6nnen Sie <b>\u00fcber Paypal <\/b>direkt mit den g\u00e4ngigen <b><i>Kreditkarten<\/i><\/b> (Visa, Mastercard) bezahlen.<\/p>\n<p>Bei <b><i>Abholung<\/i><\/b> k\u00f6nnen Sie selbstverst\u00e4ndlich <i>bar<\/i> bezahlen.<\/p>\n<p>Die Bestellung auf Rechnung bieten wir derzeit noch nicht an.<\/p>\n<p>Mit der Lieferung erhalten Sie einen Lieferschein mit einer Zahlungsbest\u00e4tigung.<\/p>\n<h3><b>Eigentumsvorbehalt<\/b><\/h3>\n<p>Bis zur vollst\u00e4ndigen Bezahlung, bleibt die Ware Eigentum von Labo-O-Kult GmbH.<br \/>\nGeraten Sie mit der Zahlung l\u00e4nger als zehn Tage in Verzug, wird die Bestellung automatisch storniert.<\/p>\n<h3><b>Vertragsschluss<\/b><\/h3>\n<p>Die Darstellung der Produkte im Online-Shop stellt kein rechtlich bindendes Angebot, sondern einen unverbindlichen Online-Katalog dar.<br \/>\nNach Eingabe Ihrer pers\u00f6nlichen Daten und durch das Klicken des Buttons &#8222;Bestellung&#8220; geben Sie eine verbindliche Bestellung der sich im Warenkorb befindenden Waren ab.<\/p>\n<p>Die Best\u00e4tigung des Eingangs der Bestellung folgt unmittelbar nach dem Absenden der Bestellung.<br \/>\nDer Kaufvertrag kommt mit unserer Auslieferungsbest\u00e4tigung oder Lieferung der Waren zustande.<br \/>\nSollten Sie innerhalb von drei Wochen keine Auslieferungsbest\u00e4tigung, Lieferung oder eine Erkl\u00e4rung zum Lieferverzug von uns erhalten, sind Sie nicht mehr an Ihre Bestellung gebunden.<\/p>\n<h3><b>Haftungshinweis<\/b><\/h3>\n<p>Trotz sorgf\u00e4ltiger inhaltlicher Kontrolle \u00fcbernimmt Labo-O-Kult GmbH keine Haftung f\u00fcr die Vollst\u00e4ndigkeit, Aktualit\u00e4t und Richtigkeit der auf ihrem Webauftritt zur Verf\u00fcgung gestellten Informationen. Die Benutzung dieser Informationen erfolgt freiwillig und auf eigene Verantwortung.<br \/>\nEbenfalls ausgeschlossen ist jede Haftung f\u00fcr die Inhalte von Webseiten Dritter, die mittels Links \u00fcber die <a href=\"http:\/\/www.labo-o-kult.com\">kalok.labo-o-kult.com<\/a>\u00a0 abgerufen werden k\u00f6nnen.<br \/>\nDiese Links werden nicht auf ihre Inhalte gepr\u00fcft. Es wird insbesondere keine Verantwortung f\u00fcr die Verf\u00fcgbarkeit, Richtigkeit, Vollst\u00e4ndigkeit, Aktualit\u00e4t und Gesetzeskonformit\u00e4t dieser durch Dritte bereitgestellten Informationen \u00fcbernommen.\u00a0F\u00fcr den Inhalt der verlinkten Seiten sind ausschlie\u00dflich deren Betreiber verantwortlich.<\/p>\n<h3><b>Haftungsbeschr\u00e4nkung<\/b><\/h3>\n<p>Wir haften f\u00fcr Schadensersatzanspr\u00fcche aus Gew\u00e4hrleistung und sonstigen Rechtsgr\u00fcnden &#8211; insbesondere Anspr\u00fcche aus unerlaubter Handlung, Organisationsverschulden, Verschulden bei Vertragsabschluss oder etwaigen anderen verschuldungsabh\u00e4ngigen Anspr\u00fcchen aus Pflichtverletzungen &#8211; nur, soweit uns oder unseren Erf\u00fcllungsgehilfen Vorsatz oder grobe Fahrl\u00e4ssigkeit zur Last gelegt wird oder der Schaden auf einer Verletzung vertragswesentlicher Pflichten oder auf Anspr\u00fcchen des Produktehaftungsrechts beruht.<\/p>\n<p>Die Datenkommunikation \u00fcber das Internet kann nach dem derzeitigen Stand der Technik nicht fehlerfrei und\/oder jederzeit verf\u00fcgbar gew\u00e4hrleistet werden. Wir haften daher weder f\u00fcr die st\u00e4ndige und ununterbrochene Verf\u00fcgbarkeit unseres Online-Shops noch f\u00fcr technische und elektronische Fehler, auf die wir keinen Einfluss haben, insbesondere nicht f\u00fcr die verz\u00f6gerte Bearbeitung Ihrer Bestellungen.<\/p>\n<p>Offensichtliche Irrt\u00fcmer, Schreib-. Druck- und Rechenfehler sind f\u00fcr uns nicht verbindlich. Sollte die Website trotzdem einmal einen nicht offensichtlichen Fehler, wie etwa Schreib- oder Rechenfehler aufweisen, behalten wir uns vor, den korrekten Preis nachtr\u00e4glich zu berechnen. In diesem Falle gew\u00e4hren wir dem Besteller ein sofortiges R\u00fccktrittsrecht, wenn er mit dem neuen Preis nicht einverstanden sein sollte, soweit es sich bei der gelieferten Ware nicht um einen auf besonderen Wunsch des Bestellers hergestellten Gegenstand handelt. Die Rechte des Bestellers nach dem Widerrufsrecht bleiben hiervon unber\u00fchrt.<\/p>\n<h3><b>Urheberrecht<\/b><\/h3>\n<p>Die Inhalte dieser Website sind urheberrechtlich gesch\u00fctzt gem\u00e4ss URG (Urheberrechtsgesetz )Art. 1 ff (SR 231.1)<br \/>\n<b>Alle Rechte an den Werken (Originale sowie Kopien) beh\u00e4lt sich Labo-O-Kult GmbH vor. <\/b>Informationen auf dieser Website, einschlie\u00dflich Texten und Bilder, d\u00fcrfen nicht, sofern nicht ausdr\u00fccklich anders bestimmt, vervielf\u00e4ltigt, transferiert, vertrieben oder gespeichert werden ohne die schriftliche Genehmigung. Beim Kauf eines Originals verbleibt das Urheberrecht und auch das Copyright beim K\u00fcnstler.<\/p>\n<p>Es kann kein alleiniges Copyright f\u00fcr ein gekauftes Werk erworben oder gefordert werden, auch nach dem Kauf des Originals, muss f\u00fcr eine eventuelle kommerzielle Nutzung (auch virtuell und digital), Vervielf\u00e4ltigung, Drucke oder \u00e4hnliches dies mit dem K\u00fcnstler besprochen werden um eine ausdr\u00fcckliche schriftliche Erlaubnis einzuholen.<\/p>\n<h3><b>Datenschutz<\/b><\/h3>\n<p>Die uns vom Kunden anvertrauten, pers\u00f6nlichen Daten werden streng vertraulich behandelt und nicht an Dritte weitergegeben.<br \/>\nDie Daten k\u00f6nnen f\u00fcr interne Werbung verwendet werden.<br \/>\nBitte lesen Sie <a href=\"https:\/\/kalok.labo-o-kult.com\/datenschutzrichtlinie\/?lang=de\"><strong>unsere ausf\u00fchrliche Datenschutzerkl\u00e4rung<\/strong><\/a>, welche Nutzer*innen unserer Webseiten \u00fcber die Art, den Umfang und Zwecke der Erhebung und Verwendung personenbezogener Daten aufkl\u00e4rt.\u00a0Indem Sie unsere Website besuchen oder uns Ihre pers\u00f6nlichen Daten zur Verf\u00fcgung stellen, stimmen Sie der Erfassung, Pflege und Nutzung Ihrer pers\u00f6nlichen Daten, wie in dieser Datenschutzrichtlinie beschrieben, zu.<\/p>\n<p><strong>Labo-O-Kult GmbH beh\u00e4lt sich das Recht vor Google Analytics auf der Website<\/strong>\u00a0<strong><a href=\"http:\/\/kalok.labo-o-kult.com\">kalok.labo-o-kult.com<\/a> sowie im Webshop zu benutzen.<\/strong><b><br \/>\n<\/b><br \/>\nDies ist ein Web-Analysedienst der Google Inc. (\u201eGoogle\u201c). Google Analytics verwendet sog. \u201eCookies\u201c, Textdateien, die auf Ihrem Computer gespeichert werden und die eine Analyse der Benutzung der Website durch Sie erm\u00f6glichen. Die durch den Cookie erzeugten Informationen \u00fcber Ihre Benutzung dieser Website werden in der Regel an einen Server von Google in den USA \u00fcbertragen und dort gespeichert. Im Falle der Aktivierung der IP-Anonymisierung auf dieser Webseite, wird Ihre IP-Adresse von Google jedoch innerhalb von Mitgliedstaaten der Europ\u00e4ischen Union oder in anderen Vertragsstaaten des Abkommens \u00fcber den Europ\u00e4ischen Wirtschaftsraum zuvor gek\u00fcrzt. Nur in Ausnahmef\u00e4llen wird die volle IP-Adresse an einen Server von Google in den USA \u00fcbertragen und dort gek\u00fcrzt. Im Auftrag des Betreibers dieser Website wird Google diese Informationen benutzen, um Ihre Nutzung der Website auszuwerten, um Reports \u00fcber die Websiteaktivit\u00e4ten zusammenzustellen und um weitere mit der Websitenutzung und der Internetnutzung verbundene Dienstleistungen gegen\u00fcber dem Websitebetreiber zu erbringen. Die im Rahmen von Google Analytics von Ihrem Browser \u00fcbermittelte IP-Adresse wird nicht mit anderen Daten von Google zusammengef\u00fchrt.<\/p>\n<p>Sie k\u00f6nnen die Speicherung der Cookies durch eine entsprechende Einstellung Ihrer Browser-Software verhindern; wir weisen Sie jedoch darauf hin, dass Sie in diesem Fall gegebenenfalls nicht s\u00e4mtliche Funktionen dieser Website vollumf\u00e4nglich werden nutzen k\u00f6nnen. Sie k\u00f6nnen dar\u00fcber hinaus die Erfassung der durch das Cookie erzeugten und auf Ihre Nutzung der Website bezogenen Daten (inkl. Ihrer IP-Adresse) an Google sowie die Verarbeitung dieser Daten durch Google verhindern, indem Sie das unter dem folgenden Link verf\u00fcgbare Browser-Plugin herunterladen und installieren: <a href=\"http:\/\/tools.google.com\/dlpage\/gaoptout\">http:\/\/tools.google.com\/dlpage\/gaoptout<\/a>. Es wird ein Opt-Out-Cookie gesetzt, der die zuk\u00fcnftige Erfassung Ihrer Daten beim Besuch dieser Website verhindert. N\u00e4here Informationen zu Nutzungsbedingungen und Datenschutz finden Sie unter den Google Analytics Bedingungen bzw. unter der Google Analytics \u00dcbersicht.<\/p>\n<p>Wir weisen Sie darauf hin, dass auf dieser Webseite Google Analytics um den Code &#8222;gat._anonymizeIp();&#8220; erweitert wurde, um eine anonymisierte Erfassung von IP-Adressen (sog. IP-Masking) zu gew\u00e4hrleisten.<\/p>\n<h3><b>Anwendbares Recht, Gerichtsstand, salvatorische Klausel<\/b><\/h3>\n<p>F\u00fcr s\u00e4mtliche Rechtsgesch\u00e4fte oder andere rechtliche Beziehungen mit uns gilt ausschliesslich das Recht der Schweizerischen Eidgenossenschaft.<\/p>\n<p>Sollten einzelne Bestimmungen dieses Vertrages unwirksam oder undurchf\u00fchrbar sein oder nach Vertragsschluss unwirksam oder undurchf\u00fchrbar werden, bleibt davon die Wirksamkeit des Vertrages im \u00dcbrigen unber\u00fchrt. An die Stelle der unwirksamen oder undurchf\u00fchrbaren Bestimmung soll diejenige wirksame und durchf\u00fchrbare Regelung treten, deren Wirkungen der wirtschaftlichen Zielsetzung am n\u00e4chsten kommen, die die Vertragsparteien mit der unwirksamen bzw. undurchf\u00fchrbaren Bestimmung verfolgt haben. Die vorstehenden Bestimmungen gelten entsprechend f\u00fcr den Fall, dass sich der Vertrag als l\u00fcckenhaft erweist.<\/p>\n<h3><b>Zus\u00e4tzliche Bestimmungen<\/b><\/h3>\n<p>Die allgemeinen Gesch\u00e4ftsbedingungen k\u00f6nnen jederzeit durch Labo-O-Kult GmbH ge\u00e4ndert werden.<\/p>\n<h1><b>Widerrufsbelehrung<\/b><\/h1>\n<h3><b>Eigentumsvorbehalt<\/b><\/h3>\n<p>Die Ware bleibt bis zur vollst\u00e4ndigen Bezahlung unser Eigentum.<br \/>\nGeraten Sie mit der Zahlung l\u00e4nger als zehn Tage in Verzug, haben wir das Recht, vom Vertrag zur\u00fcckzutreten und die Ware zur\u00fcckzufordern.<\/p>\n<h3><b>\u00c4nderungen und Annullierung von Bestellungen<\/b><\/h3>\n<p>Nachtr\u00e4gliche \u00c4nderungen von bereits best\u00e4tigten Bestellungen sind nicht oder nur eingeschr\u00e4nkt, unter Kostenfolge, m\u00f6glich.<br \/>\nBei Fragen\/Problemen kontaktieren Sie uns bitte per Telefon +41 (0)32 322 27 47 oder per Mail <a href=\"mailto:ka@labo-o-kult.com\">ka@labo-o-kult.com<\/a><\/p>\n<h3><b>Umtausch\/R\u00fcckgabe<\/b><\/h3>\n<p>Gekaufte Produkte werden nur bei einem nachweisbaren Qualit\u00e4tsmangel umgetauscht\/zur\u00fcckgenommen.<br \/>\nDiese m\u00fcssen vom Kunden jedoch innerhalb von 3 Tagen nach Erhalt der Ware reklamiert und auf eigene Kosten retourniert werden.<br \/>\nBekleidungsst\u00fcck werden generell nicht zur\u00fcckgenommen.<br \/>\nPorto \/ Versandkosten werden weder gutgeschrieben noch r\u00fcckerstattet.<\/p>\n<p>Es gibt keine R\u00fcckerstattung aufgrund von Besch\u00e4digungen oder Wertverlust aufgrund unsachgem\u00e4ssem Umgang des Kunden.<\/p>\n<p><strong>Originale, handgefertigten Unikate oder Erzeugnisse die in Kleinstauflagen entstehen sind vom Umtausch ausgeschlossen.\u00a0<\/strong><br \/>\nAbweichungen von der Bildschirmdarstellung sind durch die individuelle Fertigung bedingt und kein Reklamationsgrund.<br \/>\nSollte es Grund zur Beschwerde geben, werden wir uns selbstverst\u00e4ndlich umgehend bem\u00fchen, das Problem soweit m\u00f6glich zu beheben.<\/p>\n","protected":false},"excerpt":{"rendered":"<p>Impressum und Kontakt Ka L-O-K c\/o Labo-O-Kult GmbH Kontrollstrassse 24 2503 Biel\/Bienne Schweiz Telefon: +41 (0)32 322 27 47 E-Mail: ka@labo-o-kult.com Web: kalok.ch Verantwortlich: Katharina Aemmer Bechtel (Ka L-O-K) Unsere unten aufgef\u00fchrten Allgemeinen Gesch\u00e4ftsbedingungen, gelten f\u00fcr unsere gesamte Website (kalok.labo-o-kult.com) inklusive unserem Online-Shop und allen Unterordnern. Beachten Sie insbesondere die Paragraphen Urheberrechte und Haftungshinweise \/-beschr\u00e4nkung. [&hellip;]<\/p>\n","protected":false},"author":1,"featured_media":0,"parent":0,"menu_order":80,"comment_status":"closed","ping_status":"closed","template":"templates\/page-full-width.php","meta":{"footnotes":""},"yoast_head":"<!-- This site is optimized with the Yoast SEO plugin v23.1 - https:\/\/yoast.com\/wordpress\/plugins\/seo\/ -->\n<title>AGB - Allgemeine Gesch\u00e4ftsbedinungen &amp; Widerrufsbelehrung - Ka L-O-K<\/title>\n<meta name=\"robots\" content=\"index, follow, max-snippet:-1, max-image-preview:large, max-video-preview:-1\" \/>\n<link rel=\"canonical\" href=\"https:\/\/kalok.ch\/de\/agb-allgemeine-geschaeftsbedinungen-widerrufsbelehrung\/\" \/>\n<meta property=\"og:locale\" content=\"de_DE\" \/>\n<meta property=\"og:type\" content=\"article\" \/>\n<meta property=\"og:title\" content=\"AGB - Allgemeine Gesch\u00e4ftsbedinungen &amp; Widerrufsbelehrung - Ka L-O-K\" \/>\n<meta property=\"og:description\" content=\"Impressum und Kontakt Ka L-O-K c\/o Labo-O-Kult GmbH Kontrollstrassse 24 2503 Biel\/Bienne Schweiz Telefon: +41 (0)32 322 27 47 E-Mail: ka@labo-o-kult.com Web: kalok.ch Verantwortlich: Katharina Aemmer Bechtel (Ka L-O-K) Unsere unten aufgef\u00fchrten Allgemeinen Gesch\u00e4ftsbedingungen, gelten f\u00fcr unsere gesamte Website (kalok.labo-o-kult.com) inklusive unserem Online-Shop und allen Unterordnern. Beachten Sie insbesondere die Paragraphen Urheberrechte und Haftungshinweise \/-beschr\u00e4nkung. [&hellip;]\" \/>\n<meta property=\"og:url\" content=\"https:\/\/kalok.ch\/de\/agb-allgemeine-geschaeftsbedinungen-widerrufsbelehrung\/\" \/>\n<meta property=\"og:site_name\" content=\"Ka L-O-K\" \/>\n<meta property=\"article:publisher\" content=\"https:\/\/www.facebook.com\/ka.lok.mortalis\" \/>\n<meta property=\"article:modified_time\" content=\"2023-05-17T15:24:03+00:00\" \/>\n<meta name=\"twitter:card\" content=\"summary_large_image\" \/>\n<meta name=\"twitter:site\" content=\"@ka_lok_mortalis\" \/>\n<meta name=\"twitter:label1\" content=\"Gesch\u00e4tzte Lesezeit\" \/>\n\t<meta name=\"twitter:data1\" content=\"9\u00a0Minuten\" \/>\n<script type=\"application\/ld+json\" class=\"yoast-schema-graph\">{\"@context\":\"https:\/\/schema.org\",\"@graph\":[{\"@type\":\"WebPage\",\"@id\":\"https:\/\/kalok.ch\/de\/agb-allgemeine-geschaeftsbedinungen-widerrufsbelehrung\/\",\"url\":\"https:\/\/kalok.ch\/de\/agb-allgemeine-geschaeftsbedinungen-widerrufsbelehrung\/\",\"name\":\"AGB - Allgemeine Gesch\u00e4ftsbedinungen & Widerrufsbelehrung - Ka L-O-K\",\"isPartOf\":{\"@id\":\"https:\/\/kalok.ch\/de\/#website\"},\"datePublished\":\"2017-05-26T17:09:53+00:00\",\"dateModified\":\"2023-05-17T15:24:03+00:00\",\"breadcrumb\":{\"@id\":\"https:\/\/kalok.ch\/de\/agb-allgemeine-geschaeftsbedinungen-widerrufsbelehrung\/#breadcrumb\"},\"inLanguage\":\"de\",\"potentialAction\":[{\"@type\":\"ReadAction\",\"target\":[\"https:\/\/kalok.ch\/de\/agb-allgemeine-geschaeftsbedinungen-widerrufsbelehrung\/\"]}]},{\"@type\":\"BreadcrumbList\",\"@id\":\"https:\/\/kalok.ch\/de\/agb-allgemeine-geschaeftsbedinungen-widerrufsbelehrung\/#breadcrumb\",\"itemListElement\":[{\"@type\":\"ListItem\",\"position\":1,\"name\":\"Accueil\",\"item\":\"https:\/\/kalok.ch\/de\/_illustration-und-grafische-kunst_biel_bienne\/\"},{\"@type\":\"ListItem\",\"position\":2,\"name\":\"AGB &#8211; Allgemeine Gesch\u00e4ftsbedinungen &#038; Widerrufsbelehrung\"}]},{\"@type\":\"WebSite\",\"@id\":\"https:\/\/kalok.ch\/de\/#website\",\"url\":\"https:\/\/kalok.ch\/de\/\",\"name\":\"Ka L-O-K\",\"description\":\" Illustration & Grafische Kunst\",\"potentialAction\":[{\"@type\":\"SearchAction\",\"target\":{\"@type\":\"EntryPoint\",\"urlTemplate\":\"https:\/\/kalok.ch\/de\/?s={search_term_string}\"},\"query-input\":\"required name=search_term_string\"}],\"inLanguage\":\"de\"}]}<\/script>\n<!-- \/ Yoast SEO plugin. -->","yoast_head_json":{"title":"AGB - Allgemeine Gesch\u00e4ftsbedinungen & Widerrufsbelehrung - Ka L-O-K","robots":{"index":"index","follow":"follow","max-snippet":"max-snippet:-1","max-image-preview":"max-image-preview:large","max-video-preview":"max-video-preview:-1"},"canonical":"https:\/\/kalok.ch\/de\/agb-allgemeine-geschaeftsbedinungen-widerrufsbelehrung\/","og_locale":"de_DE","og_type":"article","og_title":"AGB - Allgemeine Gesch\u00e4ftsbedinungen & Widerrufsbelehrung - Ka L-O-K","og_description":"Impressum und Kontakt Ka L-O-K c\/o Labo-O-Kult GmbH Kontrollstrassse 24 2503 Biel\/Bienne Schweiz Telefon: +41 (0)32 322 27 47 E-Mail: ka@labo-o-kult.com Web: kalok.ch Verantwortlich: Katharina Aemmer Bechtel (Ka L-O-K) Unsere unten aufgef\u00fchrten Allgemeinen Gesch\u00e4ftsbedingungen, gelten f\u00fcr unsere gesamte Website (kalok.labo-o-kult.com) inklusive unserem Online-Shop und allen Unterordnern. Beachten Sie insbesondere die Paragraphen Urheberrechte und Haftungshinweise \/-beschr\u00e4nkung. [&hellip;]","og_url":"https:\/\/kalok.ch\/de\/agb-allgemeine-geschaeftsbedinungen-widerrufsbelehrung\/","og_site_name":"Ka L-O-K","article_publisher":"https:\/\/www.facebook.com\/ka.lok.mortalis","article_modified_time":"2023-05-17T15:24:03+00:00","twitter_card":"summary_large_image","twitter_site":"@ka_lok_mortalis","twitter_misc":{"Gesch\u00e4tzte Lesezeit":"9\u00a0Minuten"},"schema":{"@context":"https:\/\/schema.org","@graph":[{"@type":"WebPage","@id":"https:\/\/kalok.ch\/de\/agb-allgemeine-geschaeftsbedinungen-widerrufsbelehrung\/","url":"https:\/\/kalok.ch\/de\/agb-allgemeine-geschaeftsbedinungen-widerrufsbelehrung\/","name":"AGB - Allgemeine Gesch\u00e4ftsbedinungen & Widerrufsbelehrung - Ka L-O-K","isPartOf":{"@id":"https:\/\/kalok.ch\/de\/#website"},"datePublished":"2017-05-26T17:09:53+00:00","dateModified":"2023-05-17T15:24:03+00:00","breadcrumb":{"@id":"https:\/\/kalok.ch\/de\/agb-allgemeine-geschaeftsbedinungen-widerrufsbelehrung\/#breadcrumb"},"inLanguage":"de","potentialAction":[{"@type":"ReadAction","target":["https:\/\/kalok.ch\/de\/agb-allgemeine-geschaeftsbedinungen-widerrufsbelehrung\/"]}]},{"@type":"BreadcrumbList","@id":"https:\/\/kalok.ch\/de\/agb-allgemeine-geschaeftsbedinungen-widerrufsbelehrung\/#breadcrumb","itemListElement":[{"@type":"ListItem","position":1,"name":"Accueil","item":"https:\/\/kalok.ch\/de\/_illustration-und-grafische-kunst_biel_bienne\/"},{"@type":"ListItem","position":2,"name":"AGB &#8211; Allgemeine Gesch\u00e4ftsbedinungen &#038; Widerrufsbelehrung"}]},{"@type":"WebSite","@id":"https:\/\/kalok.ch\/de\/#website","url":"https:\/\/kalok.ch\/de\/","name":"Ka L-O-K","description":" Illustration & Grafische Kunst","potentialAction":[{"@type":"SearchAction","target":{"@type":"EntryPoint","urlTemplate":"https:\/\/kalok.ch\/de\/?s={search_term_string}"},"query-input":"required name=search_term_string"}],"inLanguage":"de"}]}},"jetpack_sharing_enabled":false,"jetpack_shortlink":"https:\/\/wp.me\/P8R4bL-SR","jetpack-related-posts":[],"_links":{"self":[{"href":"https:\/\/kalok.ch\/de\/wp-json\/wp\/v2\/pages\/3401"}],"collection":[{"href":"https:\/\/kalok.ch\/de\/wp-json\/wp\/v2\/pages"}],"about":[{"href":"https:\/\/kalok.ch\/de\/wp-json\/wp\/v2\/types\/page"}],"author":[{"embeddable":true,"href":"https:\/\/kalok.ch\/de\/wp-json\/wp\/v2\/users\/1"}],"replies":[{"embeddable":true,"href":"https:\/\/kalok.ch\/de\/wp-json\/wp\/v2\/comments?post=3401"}],"version-history":[{"count":6,"href":"https:\/\/kalok.ch\/de\/wp-json\/wp\/v2\/pages\/3401\/revisions"}],"predecessor-version":[{"id":8590,"href":"https:\/\/kalok.ch\/de\/wp-json\/wp\/v2\/pages\/3401\/revisions\/8590"}],"wp:attachment":[{"href":"https:\/\/kalok.ch\/de\/wp-json\/wp\/v2\/media?parent=3401"}],"curies":[{"name":"wp","href":"https:\/\/api.w.org\/{rel}","templated":true}]}}